{"id":695,"date":"2013-01-21T07:28:17","date_gmt":"2013-01-21T07:28:17","guid":{"rendered":"http:\/\/66.147.244.197\/~diewette\/wp\/?page_id=2"},"modified":"2024-07-02T07:43:22","modified_gmt":"2024-07-02T05:43:22","slug":"impressum","status":"publish","type":"page","link":"https:\/\/die-wetterversicherung.de\/blog\/impressum\/","title":{"rendered":"Impressum"},"content":{"rendered":"<p>Betreiberin:<\/p>\n<p><strong>gvf VersicherungsMakler AG<br \/>\n<\/strong>An der Wiesenm\u00fchle 13,<br \/>\n09224 Chemnitz<\/p>\n<p>Tel. 0371 2783-0<br \/>\nFax 0371 2783-2000<\/p>\n<p>Email: info@gvf.de<\/p>\n<p>Sitz der Gesellschaft ist Chemnitz<br \/>\nHandelsregister beim Amtsgericht Chemnitz<br \/>\nHRB 18512<br \/>\nBundesrepublik Deutschland<\/p>\n<p><strong>Vorstand<\/strong><br \/>\nChristoph Herrmann (Vorstandsvorsitzender)<br \/>\nHarald Herrmann<br \/>\nAlexander Kohl<\/p>\n<p><strong>Aufsichtsrat<br \/>\n<\/strong>Clas-Erik von Nottbeck (Vorsitzender des Aufsichtsrates)<\/p>\n<p><strong>Verantwortlich i.S.d. \u00a7 18 Abs. 2 MStV:<\/strong><br \/>\nChristoph Herrmann<br \/>\nHarald Herrmann<br \/>\nAlexander Kohl<\/p>\n<p>An der Wiesenm\u00fchle 13,<br \/>\n09224 Chemnitz<\/p>\n<p><b>Mitgliedschaften:<br \/>\n<\/b>Mitglied im Bundesverband Deutscher Versicherungsmakler e.V. (BDVM)<br \/>\nMitglied in der Arbeitsgemeinschaft f\u00fcr betriebliche<br \/>\nAltersversorgung e.V. (aba)<\/p>\n<p><b>Zust\u00e4ndige Aufsichtsbeh\u00f6rde:<\/b><br \/>\nIHK S\u00fcdwestsachsen Chemnitz-Plauen-Zwickau,<br \/>\nStra\u00dfe der Nationen 25,<br \/>\n09111 Chemnitz<\/p>\n<p>Eintragung im Vermittlerregister als Versicherungsmakler mit\u00a0einer Erlaubnis nach \u00a7 34d Abs. 1 der Gewerbeordnung mit der\u00a0Registrierungsnummer D-F6LM-3H754-83, Bundesrepublik Deutschland.<\/p>\n<p>Die Eintragung im Vermittlerregister kann wie folgt \u00fcberpr\u00fcft werden:<br \/>\n<strong>Deutscher Industrie-und Handelskammertag (DIHK) e.V.<\/strong><br \/>\nBreite Stra\u00dfe 29<br \/>\n10178 Berlin<br \/>\nTelefon: 0 180 6 00 58 50<br \/>\n(Festnetzpreis 0,20 \u20ac\/ Anruf; Mobilfunkpreise maximal 0,60 \u20ac\/ Anruf)<br \/>\n<a href=\"http:\/\/www.vermittlerregister.info\" target=\"_blank\" rel=\"noopener\">www.vermittlerregister.info<\/a><\/p>\n<p><strong>Rechtliche Hinweise\/ Haftungsausschluss:<\/strong><\/p>\n<p><strong>1. Inhalt des Blogs<\/strong><\/p>\n<p>Es wird keinerlei Gew\u00e4hr f\u00fcr die Aktualit\u00e4t, Korrektheit, Vollst\u00e4ndigkeit oder Qualit\u00e4t der bereitgestellten Informationen \u00fcbernommen. Haftungsanspr\u00fcche, welche sich auf Sch\u00e4den materieller oder ideeller Art beziehen, die durch die Nutzung oder Nichtnutzung der dargebotenen Informationen bzw. durch die Nutzung fehlerhafter und unvollst\u00e4ndiger Informationen verursacht wurden, sind grunds\u00e4tzlich ausgeschlossen, sofern seitens des Autors kein nachweislich vors\u00e4tzliches oder grob fahrl\u00e4ssiges Verschulden vorliegt. Schaenbeispiele basieren auf tats\u00e4chlichen Ereignissen, sind jedoch abgewandelt. Eine konkrete Zuordnung des Schadens ist nicht beabsichtigt. Der Autor bzw. der Betreiberin beh\u00e4lt es sich ausdr\u00fccklich vor, Teile der Seiten oder das gesamte Angebot ohne gesonderte Ank\u00fcndigung zu ver\u00e4ndern, zu erg\u00e4nzen, zu l\u00f6schen oder die Ver\u00f6ffentlichung zeitweise oder endg\u00fcltig einzustellen.<\/p>\n<p><strong>2. Verweise und Links<\/strong><\/p>\n<p>Bei direkten oder indirekten Verweisen auf fremde Internetseiten (Links), die au\u00dferhalb des Verantwortungsbereiches des Autors liegen, w\u00fcrde eine Haftungsverpflichtung ausschlie\u00dflich in dem Fall in Kraft treten, in dem der Autor von den Inhalten Kenntnis hat und es ihm technisch m\u00f6glich und zumutbar w\u00e4re, die Nutzung im Falle rechtswidriger Inhalte zu verhindern. Der Autor erkl\u00e4rt hiermit ausdr\u00fccklich, dass zum Zeitpunkt der Linksetzung die entsprechenden verlinkten Seiten frei von illegalen Inhalten waren. Auf die aktuelle und zuk\u00fcnftige Gestaltung, die Inhalte oder die Urheberschaft der gelinkten\/verkn\u00fcpften Seiten hat der Autor keinerlei Einfluss. Deshalb distanziert er sich hiermit ausdr\u00fccklich von allen Inhalten aller gelinkten\/verkn\u00fcpften Seiten, die nach der Linksetzung ver\u00e4ndert wurden. Diese Feststellung gilt f\u00fcr alle innerhalb des eigenen Internetangebotes gesetzten Links und Verweise sowie f\u00fcr Fremdeintr\u00e4ge in vom Autor eingerichteten G\u00e4steb\u00fcchern, Diskussionsforen und Mailinglisten. F\u00fcr illegale, fehlerhafte oder unvollst\u00e4ndige Inhalte und insbesondere f\u00fcr Sch\u00e4den, die aus der Nutzung oder Nichtnutzung solcherart dargebotener Informationen entstehen, haftet allein der Anbieter der Seite, auf welche verwiesen wurde, nicht derjenige, der \u00fcber Links auf die jeweilige Ver\u00f6ffentlichung lediglich verweist.<\/p>\n<p><strong>3. Urheber- und Kennzeichenrecht<\/strong><\/p>\n<p>Die Autoren sind bestrebt, in allen Publikationen die Urheberrechte der verwendeten Grafiken, Tondokumente, Videosequenzen und Texte zu beachten, von ihnen selbst erstellte Grafiken, Tondokumente, Videosequenzen und Texte zu nutzen oder auf lizenzfreie Grafiken, Videosequenzen und Texte zur\u00fcckzugreifen. Alle innerhalb des Internetangebotes genannten und ggf. durch Dritte gesch\u00fctzten Marken- und Warenzeichen unterliegen uneingeschr\u00e4nkt den Bestimmungen des jeweils g\u00fcltigen Kennzeichenrechts und den Besitzrechten der jeweiligen eingetragenen Eigent\u00fcmer. Allein aufgrund der blo\u00dfen Nennung ist nicht der Schlu\u00df zu ziehen, dass Markenzeichen nicht durch Rechte Dritter gesch\u00fctzt sind! Das Copyright f\u00fcr ver\u00f6ffentlichte, vom Autor selbst erstellte Objekte bleibt allein beim jeweiligen Autor der Publikation bzw. der Betreiberin des Blogs. Eine Vervielf\u00e4ltigung oder Verwendung solcher Grafiken, Tondokumente, Videosequenzen und Texte in anderen elektronischen oder gedruckten Publikationen ist ohne ausdr\u00fcckliche Zustimmung des jeweiligen Autors bzw. der Betreiberin des Blogs nicht gestattet.<\/p>\n<p><strong>4. Datenschutz<\/strong><\/p>\n<p>Sofern innerhalb des Internetangebotes die M\u00f6glichkeit zur Eingabe pers\u00f6nlicher oder gesch\u00e4ftlicher Daten (Emailadressen, Namen, Anschriften) besteht, so erfolgt die Preisgabe dieser Daten seitens des Nutzers auf ausdr\u00fccklich freiwilliger Basis. Die Inanspruchnahme aller angebotenen Dienste ist soweit technisch m\u00f6glich und zumutbar auch ohne Angabe solcher Daten bzw. unter Angabe anonymisierter Daten oder eines Pseudonyms gestattet.<\/p>\n<p><strong>5. Rechtswirksamkeit dieses Haftungsausschlusses<\/strong><\/p>\n<p>Dieser Haftungsausschluss ist als Teil des Internetangebotes zu betrachten, von dem aus auf diese Seite verwiesen wurde. Sofern Teile oder einzelne Formulierungen dieses Textes der geltenden Rechtslage nicht, nicht mehr oder nicht vollst\u00e4ndig entsprechen sollten, bleiben die \u00fcbrigen Teile des Dokumentes in ihrem Inhalt und ihrer G\u00fcltigkeit davon unber\u00fchrt.<\/p>\n<p>Haftungshinweis: Trotz sorgf\u00e4ltiger inhaltlicher Kontrolle \u00fcbernehmen wir keine Haftung f\u00fcr die Inhalte externer Links. F\u00fcr den Inhalt der verlinkten Seiten sind ausschlie\u00dflich deren Betreiber verantwortlich.<\/p>\n<p>Gem\u00e4ss \u00a7 28 BDSG widersprechen wir jeder kommerziellen Verwendung sowie jeder sonstigen Weitergabe und anderweitigen Ver\u00f6ffentlichung nebenstehender Daten.<\/p>\n","protected":false},"excerpt":{"rendered":"<p>Betreiberin: gvf VersicherungsMakler AG An der Wiesenm\u00fchle 13, 09224 Chemnitz Tel. 0371 2783-0 Fax 0371 2783-2000 Email: info@gvf.de Sitz der Gesellschaft ist Chemnitz Handelsregister beim Amtsgericht Chemnitz HRB 18512 Bundesrepublik Deutschland Vorstand Christoph Herrmann (Vorstandsvorsitzender) Harald Herrmann Alexander Kohl Aufsichtsrat Clas-Erik von Nottbeck (Vorsitzender des Aufsichtsrates) Verantwortlich i.S.d. \u00a7 18 Abs. 2 MStV: Christoph Herrmann &hellip; <\/p>\n<p><a class=\"more-link btn\" href=\"https:\/\/die-wetterversicherung.de\/blog\/impressum\/\">Weiterlesen<\/a><\/p>\n","protected":false},"author":5,"featured_media":0,"parent":0,"menu_order":0,"comment_status":"closed","ping_status":"closed","template":"","meta":{"footnotes":""},"class_list":["post-695","page","type-page","status-publish","hentry","nodate","item-wrap"],"yoast_head":"<!-- This site is optimized with the Yoast SEO plugin v26.4 - https:\/\/yoast.com\/wordpress\/plugins\/seo\/ -->\n<title>Impressum - die-wetterversicherung.de<\/title>\n<meta name=\"robots\" content=\"index, follow, max-snippet:-1, max-image-preview:large, max-video-preview:-1\" \/>\n<link rel=\"canonical\" href=\"https:\/\/die-wetterversicherung.de\/blog\/impressum\/\" \/>\n<meta property=\"og:locale\" content=\"de_DE\" \/>\n<meta property=\"og:type\" content=\"article\" \/>\n<meta property=\"og:title\" content=\"Impressum - die-wetterversicherung.de\" \/>\n<meta property=\"og:description\" content=\"Betreiberin: gvf VersicherungsMakler AG An der Wiesenm\u00fchle 13, 09224 Chemnitz Tel. 0371 2783-0 Fax 0371 2783-2000 Email: info@gvf.de Sitz der Gesellschaft ist Chemnitz Handelsregister beim Amtsgericht Chemnitz HRB 18512 Bundesrepublik Deutschland Vorstand Christoph Herrmann (Vorstandsvorsitzender) Harald Herrmann Alexander Kohl Aufsichtsrat Clas-Erik von Nottbeck (Vorsitzender des Aufsichtsrates) Verantwortlich i.S.d. \u00a7 18 Abs. 2 MStV: Christoph Herrmann &hellip; Weiterlesen\" \/>\n<meta property=\"og:url\" content=\"https:\/\/die-wetterversicherung.de\/blog\/impressum\/\" \/>\n<meta property=\"og:site_name\" content=\"die-wetterversicherung.de\" \/>\n<meta property=\"article:publisher\" content=\"https:\/\/www.facebook.com\/diewetterversicherung\" \/>\n<meta property=\"article:modified_time\" content=\"2024-07-02T05:43:22+00:00\" \/>\n<meta name=\"twitter:card\" content=\"summary_large_image\" \/>\n<meta name=\"twitter:label1\" content=\"Gesch\u00e4tzte Lesezeit\" \/>\n\t<meta name=\"twitter:data1\" content=\"5\u00a0Minuten\" \/>\n<script type=\"application\/ld+json\" class=\"yoast-schema-graph\">{\"@context\":\"https:\/\/schema.org\",\"@graph\":[{\"@type\":\"WebPage\",\"@id\":\"https:\/\/die-wetterversicherung.de\/blog\/impressum\/\",\"url\":\"https:\/\/die-wetterversicherung.de\/blog\/impressum\/\",\"name\":\"Impressum - die-wetterversicherung.de\",\"isPartOf\":{\"@id\":\"https:\/\/die-wetterversicherung.de\/blog\/#website\"},\"datePublished\":\"2013-01-21T07:28:17+00:00\",\"dateModified\":\"2024-07-02T05:43:22+00:00\",\"breadcrumb\":{\"@id\":\"https:\/\/die-wetterversicherung.de\/blog\/impressum\/#breadcrumb\"},\"inLanguage\":\"de\",\"potentialAction\":[{\"@type\":\"ReadAction\",\"target\":[\"https:\/\/die-wetterversicherung.de\/blog\/impressum\/\"]}]},{\"@type\":\"BreadcrumbList\",\"@id\":\"https:\/\/die-wetterversicherung.de\/blog\/impressum\/#breadcrumb\",\"itemListElement\":[{\"@type\":\"ListItem\",\"position\":1,\"name\":\"Startseite\",\"item\":\"https:\/\/die-wetterversicherung.de\/blog\/\"},{\"@type\":\"ListItem\",\"position\":2,\"name\":\"Impressum\"}]},{\"@type\":\"WebSite\",\"@id\":\"https:\/\/die-wetterversicherung.de\/blog\/#website\",\"url\":\"https:\/\/die-wetterversicherung.de\/blog\/\",\"name\":\"die-wetterversicherung.de\",\"description\":\"Wetterversicherung-Blog\",\"potentialAction\":[{\"@type\":\"SearchAction\",\"target\":{\"@type\":\"EntryPoint\",\"urlTemplate\":\"https:\/\/die-wetterversicherung.de\/blog\/?s={search_term_string}\"},\"query-input\":{\"@type\":\"PropertyValueSpecification\",\"valueRequired\":true,\"valueName\":\"search_term_string\"}}],\"inLanguage\":\"de\"}]}<\/script>\n<!-- \/ Yoast SEO plugin. -->","yoast_head_json":{"title":"Impressum - die-wetterversicherung.de","robots":{"index":"index","follow":"follow","max-snippet":"max-snippet:-1","max-image-preview":"max-image-preview:large","max-video-preview":"max-video-preview:-1"},"canonical":"https:\/\/die-wetterversicherung.de\/blog\/impressum\/","og_locale":"de_DE","og_type":"article","og_title":"Impressum - die-wetterversicherung.de","og_description":"Betreiberin: gvf VersicherungsMakler AG An der Wiesenm\u00fchle 13, 09224 Chemnitz Tel. 0371 2783-0 Fax 0371 2783-2000 Email: info@gvf.de Sitz der Gesellschaft ist Chemnitz Handelsregister beim Amtsgericht Chemnitz HRB 18512 Bundesrepublik Deutschland Vorstand Christoph Herrmann (Vorstandsvorsitzender) Harald Herrmann Alexander Kohl Aufsichtsrat Clas-Erik von Nottbeck (Vorsitzender des Aufsichtsrates) Verantwortlich i.S.d. \u00a7 18 Abs. 2 MStV: Christoph Herrmann &hellip; Weiterlesen","og_url":"https:\/\/die-wetterversicherung.de\/blog\/impressum\/","og_site_name":"die-wetterversicherung.de","article_publisher":"https:\/\/www.facebook.com\/diewetterversicherung","article_modified_time":"2024-07-02T05:43:22+00:00","twitter_card":"summary_large_image","twitter_misc":{"Gesch\u00e4tzte Lesezeit":"5\u00a0Minuten"},"schema":{"@context":"https:\/\/schema.org","@graph":[{"@type":"WebPage","@id":"https:\/\/die-wetterversicherung.de\/blog\/impressum\/","url":"https:\/\/die-wetterversicherung.de\/blog\/impressum\/","name":"Impressum - die-wetterversicherung.de","isPartOf":{"@id":"https:\/\/die-wetterversicherung.de\/blog\/#website"},"datePublished":"2013-01-21T07:28:17+00:00","dateModified":"2024-07-02T05:43:22+00:00","breadcrumb":{"@id":"https:\/\/die-wetterversicherung.de\/blog\/impressum\/#breadcrumb"},"inLanguage":"de","potentialAction":[{"@type":"ReadAction","target":["https:\/\/die-wetterversicherung.de\/blog\/impressum\/"]}]},{"@type":"BreadcrumbList","@id":"https:\/\/die-wetterversicherung.de\/blog\/impressum\/#breadcrumb","itemListElement":[{"@type":"ListItem","position":1,"name":"Startseite","item":"https:\/\/die-wetterversicherung.de\/blog\/"},{"@type":"ListItem","position":2,"name":"Impressum"}]},{"@type":"WebSite","@id":"https:\/\/die-wetterversicherung.de\/blog\/#website","url":"https:\/\/die-wetterversicherung.de\/blog\/","name":"die-wetterversicherung.de","description":"Wetterversicherung-Blog","potentialAction":[{"@type":"SearchAction","target":{"@type":"EntryPoint","urlTemplate":"https:\/\/die-wetterversicherung.de\/blog\/?s={search_term_string}"},"query-input":{"@type":"PropertyValueSpecification","valueRequired":true,"valueName":"search_term_string"}}],"inLanguage":"de"}]}},"_links":{"self":[{"href":"https:\/\/die-wetterversicherung.de\/blog\/wp-json\/wp\/v2\/pages\/695","targetHints":{"allow":["GET"]}}],"collection":[{"href":"https:\/\/die-wetterversicherung.de\/blog\/wp-json\/wp\/v2\/pages"}],"about":[{"href":"https:\/\/die-wetterversicherung.de\/blog\/wp-json\/wp\/v2\/types\/page"}],"author":[{"embeddable":true,"href":"https:\/\/die-wetterversicherung.de\/blog\/wp-json\/wp\/v2\/users\/5"}],"replies":[{"embeddable":true,"href":"https:\/\/die-wetterversicherung.de\/blog\/wp-json\/wp\/v2\/comments?post=695"}],"version-history":[{"count":11,"href":"https:\/\/die-wetterversicherung.de\/blog\/wp-json\/wp\/v2\/pages\/695\/revisions"}],"predecessor-version":[{"id":6389,"href":"https:\/\/die-wetterversicherung.de\/blog\/wp-json\/wp\/v2\/pages\/695\/revisions\/6389"}],"wp:attachment":[{"href":"https:\/\/die-wetterversicherung.de\/blog\/wp-json\/wp\/v2\/media?parent=695"}],"curies":[{"name":"wp","href":"https:\/\/api.w.org\/{rel}","templated":true}]}}