{"id":594,"date":"2013-12-05T12:12:09","date_gmt":"2013-12-05T12:12:09","guid":{"rendered":"https:\/\/die-wetterversicherung.de\/?page_id=594"},"modified":"2020-08-11T10:08:33","modified_gmt":"2020-08-11T08:08:33","slug":"kontakt","status":"publish","type":"page","link":"https:\/\/die-wetterversicherung.de\/blog\/kontakt\/","title":{"rendered":"Sichern Sie Ihre Ertr\u00e4ge mit der Wetterversicherung"},"content":{"rendered":"\n<div class=\"wp-block-image\"><figure class=\"alignleft size-full\"><img loading=\"lazy\" decoding=\"async\" width=\"560\" height=\"180\" src=\"https:\/\/die-wetterversicherung.de\/wp-content\/uploads\/2014\/02\/wetter-kontakseite8.png\" alt=\"Sichern Sie jetzt Ihren Ernteertrag ab! D\u00fcrreversicherung, Hitzeversicherung, Frostversicherung und N\u00e4sseversicherung in einem!\" class=\"wp-image-796\" srcset=\"https:\/\/die-wetterversicherung.de\/blog\/wp-content\/uploads\/2014\/02\/wetter-kontakseite8.png 560w, https:\/\/die-wetterversicherung.de\/blog\/wp-content\/uploads\/2014\/02\/wetter-kontakseite8-300x96.png 300w\" sizes=\"auto, (max-width: 560px) 100vw, 560px\" \/><figcaption>Fotos: Janis Smits (oben links), Karin J\u00e4hne (oben rechts), emjay smith (unten links), maldesowhat (unten rechts) \/ Fotolia: www.fotolia.com<\/figcaption><\/figure><\/div>\n\n\n\n<p>Mit <strong>der Wetterversicherung<\/strong> k\u00f6nnen Sie sich umfassend gegen Ertragsverluste durch das Wetter sch\u00fctzen &#8211; individuell f\u00fcr Ihren landwirtschaftlichen Betrieb. Sie beinhaltet dabei eine D\u00fcrreversicherung, Hitzeversicherung, Frostversicherung und N\u00e4sseversicherung.<\/p>\n\n\n\n<div style=\"height:20px\" aria-hidden=\"true\" class=\"wp-block-spacer\"><\/div>\n\n\n\n<h2 class=\"wp-block-heading\"><strong>Sie haben Interesse?<\/strong> Fordern Sie jetzt Ihre Beratung an!<\/h2>\n\n\n\n<h2 class=\"wp-block-heading\">Sichern Sie jetzt Ihren Ernteertrag ab! D\u00fcrreversicherung, Hitzeversicherung, Frostversicherung und N\u00e4sseversicherung in einem!<\/h2>\n\n\n\n\n<div class=\"wpcf7 no-js\" id=\"wpcf7-f593-o1\" lang=\"de-DE\" dir=\"ltr\" data-wpcf7-id=\"593\">\n<div class=\"screen-reader-response\"><p role=\"status\" aria-live=\"polite\" aria-atomic=\"true\"><\/p> <ul><\/ul><\/div>\n<form action=\"\/blog\/wp-json\/wp\/v2\/pages\/594#wpcf7-f593-o1\" method=\"post\" class=\"wpcf7-form init\" aria-label=\"Kontaktformular\" novalidate=\"novalidate\" data-status=\"init\">\n<fieldset class=\"hidden-fields-container\"><input type=\"hidden\" name=\"_wpcf7\" value=\"593\" \/><input type=\"hidden\" name=\"_wpcf7_version\" value=\"6.1.4\" \/><input type=\"hidden\" name=\"_wpcf7_locale\" value=\"de_DE\" \/><input type=\"hidden\" name=\"_wpcf7_unit_tag\" value=\"wpcf7-f593-o1\" \/><input type=\"hidden\" name=\"_wpcf7_container_post\" value=\"0\" \/><input type=\"hidden\" name=\"_wpcf7_posted_data_hash\" value=\"\" \/>\n<\/fieldset>\n<div class=\"formular\">\n\t<div class=\"wp-block-columns\">\n\t\t<div class=\"wp-block-column\">\n\t\t\t<p><label> Ihr Name:*<br \/>\n<span class=\"wpcf7-form-control-wrap\" data-name=\"your-name\"><input size=\"40\" maxlength=\"400\" class=\"wpcf7-form-control wpcf7-text wpcf7-validates-as-required\" aria-required=\"true\" aria-invalid=\"false\" value=\"\" type=\"text\" name=\"your-name\" \/><\/span> <\/label>\n\t\t\t<\/p>\n\t\t<\/div>\n\t\t<div class=\"wp-block-column\">\n\t\t\t<p><label>Ihre E-Mail-Adresse:*<br \/>\n<span class=\"wpcf7-form-control-wrap\" data-name=\"your-email\"><input size=\"40\" maxlength=\"400\" class=\"wpcf7-form-control wpcf7-email wpcf7-validates-as-required wpcf7-text wpcf7-validates-as-email\" aria-required=\"true\" aria-invalid=\"false\" value=\"\" type=\"email\" name=\"your-email\" \/><\/span> <\/label>\n\t\t\t<\/p>\n\t\t<\/div>\n\t<\/div>\n\t<div class=\"wp-block-columns\">\n\t\t<div class=\"wp-block-column\">\n\t\t\t<p><label> Ihre Nachricht:<br \/>\n<span class=\"wpcf7-form-control-wrap\" data-name=\"your-message\"><textarea cols=\"40\" rows=\"10\" maxlength=\"2000\" class=\"wpcf7-form-control wpcf7-textarea\" aria-invalid=\"false\" name=\"your-message\"><\/textarea><\/span> <\/label>\n\t\t\t<\/p>\n\t\t<\/div>\n\t<\/div>\n\t<p><span id=\"wpcf7-69d79875cfdfd-wrapper\" class=\"wpcf7-form-control-wrap firstname-wrap\" ><input id=\"wpcf7-69d79875cfdfd-field\"  class=\"wpcf7-form-control wpcf7-text\" type=\"text\" name=\"firstname\" value=\"\" size=\"40\" tabindex=\"-1\" autocomplete=\"new-password\" \/><\/span><br \/>\n<span id=\"wpcf7-69d79875cfe6f-wrapper\" class=\"wpcf7-form-control-wrap lastname-wrap\" ><input id=\"wpcf7-69d79875cfe6f-field\"  class=\"wpcf7-form-control wpcf7-text\" type=\"text\" name=\"lastname\" value=\"\" size=\"40\" tabindex=\"-1\" autocomplete=\"new-password\" \/><\/span><br \/>\n<span id=\"wpcf7-69d79875cfec4-wrapper\" class=\"wpcf7-form-control-wrap mobile-wrap\" ><input id=\"wpcf7-69d79875cfec4-field\"  class=\"wpcf7-form-control wpcf7-text\" type=\"text\" name=\"mobile\" value=\"\" size=\"40\" tabindex=\"-1\" autocomplete=\"new-password\" \/><\/span>\n\t<\/p>\n\t<div class=\"wp-block-columns\">\n\t\t<div class=\"wp-block-column\">\n\t\t\t<p><input class=\"wpcf7-form-control wpcf7-submit has-spinner\" type=\"submit\" value=\"Jetzt informieren\" \/>\n\t\t\t<\/p>\n\t\t<\/div>\n\t<\/div>\n<\/div><div class=\"wpcf7-response-output\" aria-hidden=\"true\"><\/div>\n<\/form>\n<\/div>\n\n","protected":false},"excerpt":{"rendered":"<p>Mit der Wetterversicherung k\u00f6nnen Sie sich umfassend gegen Ertragsverluste durch das Wetter sch\u00fctzen &#8211; individuell f\u00fcr Ihren landwirtschaftlichen Betrieb. Sie beinhaltet dabei eine D\u00fcrreversicherung, Hitzeversicherung, Frostversicherung und N\u00e4sseversicherung. Sie haben Interesse? Fordern Sie jetzt Ihre Beratung an! Sichern Sie jetzt Ihren Ernteertrag ab! D\u00fcrreversicherung, Hitzeversicherung, Frostversicherung und N\u00e4sseversicherung in einem!<\/p>\n","protected":false},"author":5,"featured_media":0,"parent":0,"menu_order":0,"comment_status":"closed","ping_status":"closed","template":"template-onecolumn.php","meta":{"footnotes":""},"class_list":["post-594","page","type-page","status-publish","hentry","nodate","item-wrap"],"yoast_head":"<!-- This site is optimized with the Yoast SEO plugin v26.4 - https:\/\/yoast.com\/wordpress\/plugins\/seo\/ -->\n<title>Sichern Sie Ihre Ertr\u00e4ge mit der Wetterversicherung - die-wetterversicherung.de<\/title>\n<meta name=\"description\" content=\"Sichern Sie jetzt Ihren Ernteertrag ab! D\u00fcrreversicherung, Hitzeversicherung, Frostversicherung und N\u00e4sseversicherung in einem!\" \/>\n<meta name=\"robots\" content=\"index, follow, max-snippet:-1, max-image-preview:large, max-video-preview:-1\" \/>\n<link rel=\"canonical\" href=\"https:\/\/die-wetterversicherung.de\/blog\/kontakt\/\" \/>\n<meta property=\"og:locale\" content=\"de_DE\" \/>\n<meta property=\"og:type\" content=\"article\" \/>\n<meta property=\"og:title\" content=\"Sichern Sie Ihre Ertr\u00e4ge mit der Wetterversicherung - die-wetterversicherung.de\" \/>\n<meta property=\"og:description\" content=\"Sichern Sie jetzt Ihren Ernteertrag ab! D\u00fcrreversicherung, Hitzeversicherung, Frostversicherung und N\u00e4sseversicherung in einem!\" \/>\n<meta property=\"og:url\" content=\"https:\/\/die-wetterversicherung.de\/blog\/kontakt\/\" \/>\n<meta property=\"og:site_name\" content=\"die-wetterversicherung.de\" \/>\n<meta property=\"article:publisher\" content=\"https:\/\/www.facebook.com\/diewetterversicherung\" \/>\n<meta property=\"article:modified_time\" content=\"2020-08-11T08:08:33+00:00\" \/>\n<meta property=\"og:image\" content=\"https:\/\/die-wetterversicherung.de\/wp-content\/uploads\/2014\/02\/wetter-kontakseite8.png\" \/>\n<meta name=\"twitter:card\" content=\"summary_large_image\" \/>\n<script type=\"application\/ld+json\" class=\"yoast-schema-graph\">{\"@context\":\"https:\/\/schema.org\",\"@graph\":[{\"@type\":\"WebPage\",\"@id\":\"https:\/\/die-wetterversicherung.de\/blog\/kontakt\/\",\"url\":\"https:\/\/die-wetterversicherung.de\/blog\/kontakt\/\",\"name\":\"Sichern Sie Ihre Ertr\u00e4ge mit der Wetterversicherung - die-wetterversicherung.de\",\"isPartOf\":{\"@id\":\"https:\/\/die-wetterversicherung.de\/blog\/#website\"},\"primaryImageOfPage\":{\"@id\":\"https:\/\/die-wetterversicherung.de\/blog\/kontakt\/#primaryimage\"},\"image\":{\"@id\":\"https:\/\/die-wetterversicherung.de\/blog\/kontakt\/#primaryimage\"},\"thumbnailUrl\":\"https:\/\/die-wetterversicherung.de\/wp-content\/uploads\/2014\/02\/wetter-kontakseite8.png\",\"datePublished\":\"2013-12-05T12:12:09+00:00\",\"dateModified\":\"2020-08-11T08:08:33+00:00\",\"description\":\"Sichern Sie jetzt Ihren Ernteertrag ab! D\u00fcrreversicherung, Hitzeversicherung, Frostversicherung und N\u00e4sseversicherung in einem!\",\"breadcrumb\":{\"@id\":\"https:\/\/die-wetterversicherung.de\/blog\/kontakt\/#breadcrumb\"},\"inLanguage\":\"de\",\"potentialAction\":[{\"@type\":\"ReadAction\",\"target\":[\"https:\/\/die-wetterversicherung.de\/blog\/kontakt\/\"]}]},{\"@type\":\"ImageObject\",\"inLanguage\":\"de\",\"@id\":\"https:\/\/die-wetterversicherung.de\/blog\/kontakt\/#primaryimage\",\"url\":\"https:\/\/die-wetterversicherung.de\/wp-content\/uploads\/2014\/02\/wetter-kontakseite8.png\",\"contentUrl\":\"https:\/\/die-wetterversicherung.de\/wp-content\/uploads\/2014\/02\/wetter-kontakseite8.png\"},{\"@type\":\"BreadcrumbList\",\"@id\":\"https:\/\/die-wetterversicherung.de\/blog\/kontakt\/#breadcrumb\",\"itemListElement\":[{\"@type\":\"ListItem\",\"position\":1,\"name\":\"Startseite\",\"item\":\"https:\/\/die-wetterversicherung.de\/blog\/\"},{\"@type\":\"ListItem\",\"position\":2,\"name\":\"Sichern Sie Ihre Ertr\u00e4ge mit der Wetterversicherung\"}]},{\"@type\":\"WebSite\",\"@id\":\"https:\/\/die-wetterversicherung.de\/blog\/#website\",\"url\":\"https:\/\/die-wetterversicherung.de\/blog\/\",\"name\":\"die-wetterversicherung.de\",\"description\":\"Wetterversicherung-Blog\",\"potentialAction\":[{\"@type\":\"SearchAction\",\"target\":{\"@type\":\"EntryPoint\",\"urlTemplate\":\"https:\/\/die-wetterversicherung.de\/blog\/?s={search_term_string}\"},\"query-input\":{\"@type\":\"PropertyValueSpecification\",\"valueRequired\":true,\"valueName\":\"search_term_string\"}}],\"inLanguage\":\"de\"}]}<\/script>\n<!-- \/ Yoast SEO plugin. -->","yoast_head_json":{"title":"Sichern Sie Ihre Ertr\u00e4ge mit der Wetterversicherung - die-wetterversicherung.de","description":"Sichern Sie jetzt Ihren Ernteertrag ab! D\u00fcrreversicherung, Hitzeversicherung, Frostversicherung und N\u00e4sseversicherung in einem!","robots":{"index":"index","follow":"follow","max-snippet":"max-snippet:-1","max-image-preview":"max-image-preview:large","max-video-preview":"max-video-preview:-1"},"canonical":"https:\/\/die-wetterversicherung.de\/blog\/kontakt\/","og_locale":"de_DE","og_type":"article","og_title":"Sichern Sie Ihre Ertr\u00e4ge mit der Wetterversicherung - die-wetterversicherung.de","og_description":"Sichern Sie jetzt Ihren Ernteertrag ab! D\u00fcrreversicherung, Hitzeversicherung, Frostversicherung und N\u00e4sseversicherung in einem!","og_url":"https:\/\/die-wetterversicherung.de\/blog\/kontakt\/","og_site_name":"die-wetterversicherung.de","article_publisher":"https:\/\/www.facebook.com\/diewetterversicherung","article_modified_time":"2020-08-11T08:08:33+00:00","og_image":[{"url":"https:\/\/die-wetterversicherung.de\/wp-content\/uploads\/2014\/02\/wetter-kontakseite8.png","type":"","width":"","height":""}],"twitter_card":"summary_large_image","schema":{"@context":"https:\/\/schema.org","@graph":[{"@type":"WebPage","@id":"https:\/\/die-wetterversicherung.de\/blog\/kontakt\/","url":"https:\/\/die-wetterversicherung.de\/blog\/kontakt\/","name":"Sichern Sie Ihre Ertr\u00e4ge mit der Wetterversicherung - die-wetterversicherung.de","isPartOf":{"@id":"https:\/\/die-wetterversicherung.de\/blog\/#website"},"primaryImageOfPage":{"@id":"https:\/\/die-wetterversicherung.de\/blog\/kontakt\/#primaryimage"},"image":{"@id":"https:\/\/die-wetterversicherung.de\/blog\/kontakt\/#primaryimage"},"thumbnailUrl":"https:\/\/die-wetterversicherung.de\/wp-content\/uploads\/2014\/02\/wetter-kontakseite8.png","datePublished":"2013-12-05T12:12:09+00:00","dateModified":"2020-08-11T08:08:33+00:00","description":"Sichern Sie jetzt Ihren Ernteertrag ab! D\u00fcrreversicherung, Hitzeversicherung, Frostversicherung und N\u00e4sseversicherung in einem!","breadcrumb":{"@id":"https:\/\/die-wetterversicherung.de\/blog\/kontakt\/#breadcrumb"},"inLanguage":"de","potentialAction":[{"@type":"ReadAction","target":["https:\/\/die-wetterversicherung.de\/blog\/kontakt\/"]}]},{"@type":"ImageObject","inLanguage":"de","@id":"https:\/\/die-wetterversicherung.de\/blog\/kontakt\/#primaryimage","url":"https:\/\/die-wetterversicherung.de\/wp-content\/uploads\/2014\/02\/wetter-kontakseite8.png","contentUrl":"https:\/\/die-wetterversicherung.de\/wp-content\/uploads\/2014\/02\/wetter-kontakseite8.png"},{"@type":"BreadcrumbList","@id":"https:\/\/die-wetterversicherung.de\/blog\/kontakt\/#breadcrumb","itemListElement":[{"@type":"ListItem","position":1,"name":"Startseite","item":"https:\/\/die-wetterversicherung.de\/blog\/"},{"@type":"ListItem","position":2,"name":"Sichern Sie Ihre Ertr\u00e4ge mit der Wetterversicherung"}]},{"@type":"WebSite","@id":"https:\/\/die-wetterversicherung.de\/blog\/#website","url":"https:\/\/die-wetterversicherung.de\/blog\/","name":"die-wetterversicherung.de","description":"Wetterversicherung-Blog","potentialAction":[{"@type":"SearchAction","target":{"@type":"EntryPoint","urlTemplate":"https:\/\/die-wetterversicherung.de\/blog\/?s={search_term_string}"},"query-input":{"@type":"PropertyValueSpecification","valueRequired":true,"valueName":"search_term_string"}}],"inLanguage":"de"}]}},"_links":{"self":[{"href":"https:\/\/die-wetterversicherung.de\/blog\/wp-json\/wp\/v2\/pages\/594","targetHints":{"allow":["GET"]}}],"collection":[{"href":"https:\/\/die-wetterversicherung.de\/blog\/wp-json\/wp\/v2\/pages"}],"about":[{"href":"https:\/\/die-wetterversicherung.de\/blog\/wp-json\/wp\/v2\/types\/page"}],"author":[{"embeddable":true,"href":"https:\/\/die-wetterversicherung.de\/blog\/wp-json\/wp\/v2\/users\/5"}],"replies":[{"embeddable":true,"href":"https:\/\/die-wetterversicherung.de\/blog\/wp-json\/wp\/v2\/comments?post=594"}],"version-history":[{"count":75,"href":"https:\/\/die-wetterversicherung.de\/blog\/wp-json\/wp\/v2\/pages\/594\/revisions"}],"predecessor-version":[{"id":2553,"href":"https:\/\/die-wetterversicherung.de\/blog\/wp-json\/wp\/v2\/pages\/594\/revisions\/2553"}],"wp:attachment":[{"href":"https:\/\/die-wetterversicherung.de\/blog\/wp-json\/wp\/v2\/media?parent=594"}],"curies":[{"name":"wp","href":"https:\/\/api.w.org\/{rel}","templated":true}]}}